{"id":800,"date":"2024-10-03T08:55:05","date_gmt":"2024-10-03T06:55:05","guid":{"rendered":"https:\/\/hangveto.hu\/rolunk\/kapcsolat\/"},"modified":"2026-04-24T08:16:24","modified_gmt":"2026-04-24T06:16:24","slug":"kapcsolat","status":"publish","type":"page","link":"https:\/\/www.hangveto.hu\/hu\/rolunk\/kapcsolat\/","title":{"rendered":"Kapcsolat"},"content":{"rendered":"\t\t<div data-elementor-type=\"wp-page\" data-elementor-id=\"800\" class=\"elementor elementor-800 elementor-665\" data-elementor-post-type=\"page\">\n\t\t\t\t<div class=\"elementor-element elementor-element-e86ecb3 e-flex e-con-boxed e-con e-parent\" data-id=\"e86ecb3\" data-element_type=\"container\" data-e-type=\"container\">\n\t\t\t\t\t<div class=\"e-con-inner\">\n\t\t<div class=\"elementor-element elementor-element-1c206f8 e-con-full e-flex e-con e-child\" data-id=\"1c206f8\" data-element_type=\"container\" data-e-type=\"container\">\n\t\t\t\t<div class=\"elementor-element elementor-element-956038c elementor-widget__width-auto elementor-widget-mobile__width-initial elementor-widget elementor-widget-heading\" data-id=\"956038c\" data-element_type=\"widget\" data-e-type=\"widget\" data-widget_type=\"heading.default\">\n\t\t\t\t<div class=\"elementor-widget-container\">\n\t\t\t\t\t<h6 class=\"elementor-heading-title elementor-size-default\">KEZDJ\u00dcK EL!<\/h6>\t\t\t\t<\/div>\n\t\t\t\t<\/div>\n\t\t\t\t<div class=\"elementor-element elementor-element-a51a2c5 elementor-widget elementor-widget-heading\" data-id=\"a51a2c5\" data-element_type=\"widget\" data-e-type=\"widget\" data-widget_type=\"heading.default\">\n\t\t\t\t<div class=\"elementor-widget-container\">\n\t\t\t\t\t<h1 class=\"elementor-heading-title elementor-size-default\">Kapcsolat<\/h1>\t\t\t\t<\/div>\n\t\t\t\t<\/div>\n\t\t\t\t<div class=\"elementor-element elementor-element-8cc6af1 elementor-widget__width-initial elementor-widget elementor-widget-image\" data-id=\"8cc6af1\" data-element_type=\"widget\" data-e-type=\"widget\" data-widget_type=\"image.default\">\n\t\t\t\t<div class=\"elementor-widget-container\">\n\t\t\t\t\t\t\t\t\t\t\t\t\t\t\t<img decoding=\"async\" width=\"387\" height=\"55\" src=\"https:\/\/www.hangveto.hu\/wp-content\/uploads\/2024\/09\/ill_home_dots_A.svg\" class=\"attachment-large size-large wp-image-356\" alt=\"\" loading=\"eager\" \/>\t\t\t\t\t\t\t\t\t\t\t\t\t\t\t<\/div>\n\t\t\t\t<\/div>\n\t\t<div class=\"elementor-element elementor-element-983e14a e-grid e-con-full e-con e-child\" data-id=\"983e14a\" data-element_type=\"container\" data-e-type=\"container\">\n\t\t\t\t<div class=\"elementor-element elementor-element-e165e07 elementor-widget elementor-widget-text-editor\" data-id=\"e165e07\" data-element_type=\"widget\" data-e-type=\"widget\" data-widget_type=\"text-editor.default\">\n\t\t\t\t<div class=\"elementor-widget-container\">\n\t\t\t\t\t\t\t\t\t<p><b>C\u00cdM<\/b><\/p><p>1012 Budapest,<br \/>Kuny Domokos utca 9. 1. em. 3. ajt\u00f3<\/p><p><a href=\"https:\/\/maps.app.goo.gl\/FX9GWiPtrd4oA1b89\">Tov\u00e1bb a Google Maps-ra<\/a><\/p>\t\t\t\t\t\t\t\t<\/div>\n\t\t\t\t<\/div>\n\t\t\t\t<div class=\"elementor-element elementor-element-0713258 elementor-widget elementor-widget-text-editor\" data-id=\"0713258\" data-element_type=\"widget\" data-e-type=\"widget\" data-widget_type=\"text-editor.default\">\n\t\t\t\t<div class=\"elementor-widget-container\">\n\t\t\t\t\t\t\t\t\t<p><b>EMAIL<\/b><\/p>\n<p><a href=\"mailto:hangveto@hangveto.hu\"><a href=\"mailto:hangveto@hangveto.hu\">hangveto@hangveto.hu<\/a><\/a><\/p>\n\t\t\t\t\t\t\t\t<\/div>\n\t\t\t\t<\/div>\n\t\t\t\t<\/div>\n\t\t\t\t<\/div>\n\t\t\t\t\t<\/div>\n\t\t\t\t<\/div>\n\t\t\t\t<\/div>\n\t\t","protected":false},"excerpt":{"rendered":"<p>KEZDJ\u00dcK EL! Kapcsolat C\u00cdM 1012 Budapest,Kuny Domokos utca 9. 1. em. 3. ajt\u00f3 Tov\u00e1bb a Google Maps-ra EMAIL hangveto@hangveto.hu<\/p>\n","protected":false},"author":1,"featured_media":0,"parent":428,"menu_order":0,"comment_status":"closed","ping_status":"closed","template":"","meta":{"footnotes":""},"class_list":["post-800","page","type-page","status-publish","hentry"],"_links":{"self":[{"href":"https:\/\/www.hangveto.hu\/hu\/wp-json\/wp\/v2\/pages\/800","targetHints":{"allow":["GET"]}}],"collection":[{"href":"https:\/\/www.hangveto.hu\/hu\/wp-json\/wp\/v2\/pages"}],"about":[{"href":"https:\/\/www.hangveto.hu\/hu\/wp-json\/wp\/v2\/types\/page"}],"author":[{"embeddable":true,"href":"https:\/\/www.hangveto.hu\/hu\/wp-json\/wp\/v2\/users\/1"}],"replies":[{"embeddable":true,"href":"https:\/\/www.hangveto.hu\/hu\/wp-json\/wp\/v2\/comments?post=800"}],"version-history":[{"count":8,"href":"https:\/\/www.hangveto.hu\/hu\/wp-json\/wp\/v2\/pages\/800\/revisions"}],"predecessor-version":[{"id":4250,"href":"https:\/\/www.hangveto.hu\/hu\/wp-json\/wp\/v2\/pages\/800\/revisions\/4250"}],"up":[{"embeddable":true,"href":"https:\/\/www.hangveto.hu\/hu\/wp-json\/wp\/v2\/pages\/428"}],"wp:attachment":[{"href":"https:\/\/www.hangveto.hu\/hu\/wp-json\/wp\/v2\/media?parent=800"}],"curies":[{"name":"wp","href":"https:\/\/api.w.org\/{rel}","templated":true}]}}