{"id":4304,"date":"2026-04-27T16:15:56","date_gmt":"2026-04-27T14:15:56","guid":{"rendered":"https:\/\/www.hangveto.hu\/?page_id=4304"},"modified":"2026-04-28T12:57:33","modified_gmt":"2026-04-28T10:57:33","slug":"placemus-xr","status":"publish","type":"page","link":"https:\/\/www.hangveto.hu\/hu\/placemus-xr\/","title":{"rendered":"PlaceMUS XR"},"content":{"rendered":"\t\t<div data-elementor-type=\"wp-page\" data-elementor-id=\"4304\" class=\"elementor elementor-4304 elementor-4258\" data-elementor-post-type=\"page\">\n\t\t\t\t<div class=\"elementor-element elementor-element-28e0801 e-flex e-con-boxed e-con e-parent\" data-id=\"28e0801\" data-element_type=\"container\" data-e-type=\"container\">\n\t\t\t\t\t<div class=\"e-con-inner\">\n\t\t<div class=\"elementor-element elementor-element-25098ac e-con-full e-flex e-con e-child\" data-id=\"25098ac\" data-element_type=\"container\" data-e-type=\"container\">\n\t\t\t\t<div class=\"elementor-element elementor-element-9b5c3f0 elementor-widget elementor-widget-image\" data-id=\"9b5c3f0\" data-element_type=\"widget\" data-e-type=\"widget\" data-widget_type=\"image.default\">\n\t\t\t\t<div class=\"elementor-widget-container\">\n\t\t\t\t\t\t\t\t\t\t\t\t\t\t\t<img fetchpriority=\"high\" decoding=\"async\" width=\"800\" height=\"128\" src=\"https:\/\/www.hangveto.hu\/wp-content\/uploads\/2026\/04\/placemus_horizontal_white.svg\" class=\"attachment-large size-large wp-image-4261\" alt=\"\" loading=\"eager\" \/>\t\t\t\t\t\t\t\t\t\t\t\t\t\t\t<\/div>\n\t\t\t\t<\/div>\n\t\t\t\t<div class=\"elementor-element elementor-element-e4eb39a elementor-invisible elementor-widget elementor-widget-heading\" data-id=\"e4eb39a\" data-element_type=\"widget\" data-e-type=\"widget\" data-settings=\"{&quot;_animation&quot;:&quot;fadeIn&quot;,&quot;_animation_delay&quot;:125}\" data-widget_type=\"heading.default\">\n\t\t\t\t<div class=\"elementor-widget-container\">\n\t\t\t\t\t<h1 class=\"elementor-heading-title elementor-size-default\">Zenei helysz\u00ednek<br>digit\u00e1lis felfedez\u00e9se <br>Eur\u00f3p\u00e1ban \u00e9s <br>a kiterjesztett val\u00f3s\u00e1gban\n<\/h1>\t\t\t\t<\/div>\n\t\t\t\t<\/div>\n\t\t\t\t<\/div>\n\t\t\t\t\t<\/div>\n\t\t\t\t<\/div>\n\t\t<div class=\"elementor-element elementor-element-cf420a8 e-flex e-con-boxed e-con e-parent\" data-id=\"cf420a8\" data-element_type=\"container\" data-e-type=\"container\">\n\t\t\t\t\t<div class=\"e-con-inner\">\n\t\t<div class=\"elementor-element elementor-element-d5bb2fa e-con-full elementor-hidden-mobile e-flex e-con e-child\" data-id=\"d5bb2fa\" data-element_type=\"container\" data-e-type=\"container\">\n\t\t\t\t<div class=\"elementor-element elementor-element-3e3d1c2 elementor-widget__width-auto elementor-widget-mobile__width-initial elementor-widget elementor-widget-heading\" data-id=\"3e3d1c2\" data-element_type=\"widget\" data-e-type=\"widget\" data-widget_type=\"heading.default\">\n\t\t\t\t<div class=\"elementor-widget-container\">\n\t\t\t\t\t<h6 class=\"elementor-heading-title elementor-size-default\"><a href=\"https:\/\/hangveto.hu\/film\/\">01<\/a><\/h6>\t\t\t\t<\/div>\n\t\t\t\t<\/div>\n\t\t\t\t<\/div>\n\t\t<div class=\"elementor-element elementor-element-b43ef05 e-con-full e-flex e-con e-child\" data-id=\"b43ef05\" data-element_type=\"container\" data-e-type=\"container\">\n\t\t\t\t<div class=\"elementor-element elementor-element-67deb3d elementor-widget elementor-widget-heading\" data-id=\"67deb3d\" data-element_type=\"widget\" data-e-type=\"widget\" data-widget_type=\"heading.default\">\n\t\t\t\t<div class=\"elementor-widget-container\">\n\t\t\t\t\t<h2 class=\"elementor-heading-title elementor-size-default\">MI A PLACEMUS XR?\n<\/h2>\t\t\t\t<\/div>\n\t\t\t\t<\/div>\n\t\t\t\t<div class=\"elementor-element elementor-element-1210e80 elementor-widget elementor-widget-heading\" data-id=\"1210e80\" data-element_type=\"widget\" data-e-type=\"widget\" data-widget_type=\"heading.default\">\n\t\t\t\t<div class=\"elementor-widget-container\">\n\t\t\t\t\t<h2 class=\"elementor-heading-title elementor-size-default\">Music is not only the art of time.<br>It is also the art of space.<\/h2>\t\t\t\t<\/div>\n\t\t\t\t<\/div>\n\t\t\t\t<div class=\"elementor-element elementor-element-bbc52c4 elementor-widget__width-initial elementor-widget-mobile__width-inherit elementor-widget elementor-widget-text-editor\" data-id=\"bbc52c4\" data-element_type=\"widget\" data-e-type=\"widget\" data-widget_type=\"text-editor.default\">\n\t\t\t\t<div class=\"elementor-widget-container\">\n\t\t\t\t\t\t\t\t\t<p>Egyik leg\u00fajabb projekt\u00fcnk a PlaceMUS XR, melynek c\u00e9lja, hogy innovat\u00edv technol\u00f3giai \u00faj\u00edt\u00e1sokkal j\u00e1ruljon hozz\u00e1 az eur\u00f3pai zenei \u00f6r\u00f6ks\u00e9g meg\u0151rz\u00e9s\u00e9hez. Olyan interakt\u00edv, 3D-s, bej\u00e1rhat\u00f3 terek megalkot\u00e1s\u00e1n dolgozunk, melyek nemcsak meg\u0151rzik egy-egy korszak \u00e9s m\u0171faj hangk\u00e9p\u00e9t, hanem kontextusba is helyezik, \u00f6sszekapcsolva a t\u00e1rgyi \u00e9s vizu\u00e1lis \u00f6r\u00f6ks\u00e9ggel.<br \/>Ezek pedig a Cultural Heritage Cloud r\u00e9szek\u00e9nt lesznek majd el\u00e9rhet\u0151ek kur\u00e1torok, kutat\u00f3k, oktat\u00f3k \u00e9s kreat\u00edv szakemberek sz\u00e1m\u00e1ra.<\/p>\t\t\t\t\t\t\t\t<\/div>\n\t\t\t\t<\/div>\n\t\t\t\t<\/div>\n\t\t\t\t\t<\/div>\n\t\t\t\t<\/div>\n\t\t<div class=\"elementor-element elementor-element-9f543b3 e-flex e-con-boxed e-con e-parent\" data-id=\"9f543b3\" data-element_type=\"container\" data-e-type=\"container\" data-settings=\"{&quot;background_background&quot;:&quot;classic&quot;}\">\n\t\t\t\t\t<div class=\"e-con-inner\">\n\t\t\t\t\t<\/div>\n\t\t\t\t<\/div>\n\t\t<div class=\"elementor-element elementor-element-51ab59e e-flex e-con-boxed e-con e-parent\" data-id=\"51ab59e\" data-element_type=\"container\" data-e-type=\"container\">\n\t\t\t\t\t<div class=\"e-con-inner\">\n\t\t<div class=\"elementor-element elementor-element-66f3f36 e-con-full e-flex e-con e-child\" data-id=\"66f3f36\" data-element_type=\"container\" data-e-type=\"container\">\n\t\t\t\t<\/div>\n\t\t<div class=\"elementor-element elementor-element-c0e938d e-con-full e-flex e-con e-child\" data-id=\"c0e938d\" data-element_type=\"container\" data-e-type=\"container\">\n\t\t\t\t<div class=\"elementor-element elementor-element-b1ba567 elementor-widget__width-initial elementor-widget-mobile__width-inherit elementor-widget elementor-widget-text-editor\" data-id=\"b1ba567\" data-element_type=\"widget\" data-e-type=\"widget\" data-widget_type=\"text-editor.default\">\n\t\t\t\t<div class=\"elementor-widget-container\">\n\t\t\t\t\t\t\t\t\t<p><span style=\"font-weight: 400;\">A virtu\u00e1lis val\u00f3s\u00e1g (VR), a kiterjesztett val\u00f3s\u00e1g (AR), az immersz\u00edv hangdiz\u00e1jn, a 3D k\u00f6rnyezetek, a t\u00f6rt\u00e9neti t\u00e9rk\u00e9pek \u00e9s a felhaszn\u00e1l\u00f3i analitika \u00f6tv\u00f6z\u00e9s\u00e9vel a PlaceMUS XR lehet\u0151v\u00e9 teszi, hogy a felhaszn\u00e1l\u00f3k Eur\u00f3pa zenei \u00f6r\u00f6ks\u00e9g\u00e9t t\u00e1volr\u00f3l \u00e9s helysz\u00ednen egyar\u00e1nt felfedezz\u00e9k. A projekt a zenei helysz\u00edneket kiterjesztett val\u00f3s\u00e1gk\u00e9nt \u00e9rtelmezi \u2013 \u00e9l\u0151 \u201epartit\u00far\u00e1kk\u00e9nt\u201d, ahol a t\u00e9rbeli, akusztikai, t\u00e1rsadalmi \u00e9s t\u00f6rt\u00e9neti r\u00e9tegek teljes rezonanci\u00e1jukban bontakoznak ki.<\/span><\/p>\t\t\t\t\t\t\t\t<\/div>\n\t\t\t\t<\/div>\n\t\t\t\t<\/div>\n\t\t<div class=\"elementor-element elementor-element-a70bbd6 e-con-full e-flex e-con e-child\" data-id=\"a70bbd6\" data-element_type=\"container\" data-e-type=\"container\">\n\t\t\t\t<div class=\"elementor-element elementor-element-442fdba elementor-widget elementor-widget-spacer\" data-id=\"442fdba\" data-element_type=\"widget\" data-e-type=\"widget\" data-widget_type=\"spacer.default\">\n\t\t\t\t<div class=\"elementor-widget-container\">\n\t\t\t\t\t\t\t<div class=\"elementor-spacer\">\n\t\t\t<div class=\"elementor-spacer-inner\"><\/div>\n\t\t<\/div>\n\t\t\t\t\t\t<\/div>\n\t\t\t\t<\/div>\n\t\t\t\t<div class=\"elementor-element elementor-element-224ab99 elementor-widget__width-initial elementor-widget-mobile__width-inherit elementor-widget elementor-widget-text-editor\" data-id=\"224ab99\" data-element_type=\"widget\" data-e-type=\"widget\" data-widget_type=\"text-editor.default\">\n\t\t\t\t<div class=\"elementor-widget-container\">\n\t\t\t\t\t\t\t\t\t<p><span style=\"font-weight: 400;\">A projekt megk\u00f6zel\u00edt\u00e9s\u00e9t k\u00fcl\u00f6nb\u00f6z\u0151 esettanulm\u00e1nyokon kereszt\u00fcl mutatja be, amelyek elt\u00e9r\u0151 m\u0171fajokat \u00e9s t\u00e9m\u00e1kat, korszakokat, r\u00e9gi\u00f3kat \u00e9s c\u00e9lcsoportokat \u00f6lelnek fel. Emellett a fejlesztett digit\u00e1lis eszk\u00f6z\u00f6k lehet\u0151v\u00e9 teszik \u00faj tartalmak \u00e9s \u00e9lm\u00e9ny\u00fatvonalak l\u00e9trehoz\u00e1s\u00e1t \u00e9s integr\u00e1l\u00e1s\u00e1t a projekt lez\u00e1rulta ut\u00e1n is. Az egyik esettanulm\u00e1ny a magyar zenei \u00f6r\u00f6ks\u00e9gre f\u00f3kusz\u00e1l \u2013 Lisztt\u0151l a t\u00e1nch\u00e1zmozgalomig.<\/span><\/p>\t\t\t\t\t\t\t\t<\/div>\n\t\t\t\t<\/div>\n\t\t\t\t<\/div>\n\t\t\t\t\t<\/div>\n\t\t\t\t<\/div>\n\t\t<div class=\"elementor-element elementor-element-495abaa e-flex e-con-boxed e-con e-parent\" data-id=\"495abaa\" data-element_type=\"container\" data-e-type=\"container\" data-settings=\"{&quot;background_background&quot;:&quot;classic&quot;,&quot;background_motion_fx_motion_fx_scrolling&quot;:&quot;yes&quot;,&quot;background_motion_fx_devices&quot;:[&quot;desktop&quot;,&quot;tablet&quot;,&quot;mobile&quot;]}\">\n\t\t\t\t\t<div class=\"e-con-inner\">\n\t\t\t\t\t<\/div>\n\t\t\t\t<\/div>\n\t\t<div class=\"elementor-element elementor-element-0282180 e-flex e-con-boxed e-con e-parent\" data-id=\"0282180\" data-element_type=\"container\" data-e-type=\"container\" data-settings=\"{&quot;background_background&quot;:&quot;classic&quot;}\">\n\t\t\t\t\t<div class=\"e-con-inner\">\n\t\t<div class=\"elementor-element elementor-element-d32b020 e-con-full e-flex e-con e-child\" data-id=\"d32b020\" data-element_type=\"container\" data-e-type=\"container\">\n\t\t\t\t<\/div>\n\t\t<div class=\"elementor-element elementor-element-ff938e3 e-con-full e-flex e-con e-child\" data-id=\"ff938e3\" data-element_type=\"container\" data-e-type=\"container\">\n\t\t\t\t<div class=\"elementor-element elementor-element-2bf001d elementor-widget__width-initial elementor-widget-mobile__width-inherit elementor-widget elementor-widget-text-editor\" data-id=\"2bf001d\" data-element_type=\"widget\" data-e-type=\"widget\" data-widget_type=\"text-editor.default\">\n\t\t\t\t<div class=\"elementor-widget-container\">\n\t\t\t\t\t\t\t\t\t<p><span style=\"font-weight: 400;\">A projekt a <\/span><i><span style=\"font-weight: 400;\">Cultural Heritage Cloud \/ European Collaborative Cloud for Cultural Heritage (ECCCH)<\/span><\/i><span style=\"font-weight: 400;\"> kezdem\u00e9nyez\u00e9s r\u00e9sze, amely egy k\u00f6z\u00f6s eur\u00f3pai digit\u00e1lis infrastrukt\u00far\u00e1t hoz l\u00e9tre a kultur\u00e1lis \u00f6r\u00f6ks\u00e9g int\u00e9zm\u00e9nyei \u00e9s szakemberei sz\u00e1m\u00e1ra.\u00a0<\/span><\/p>\t\t\t\t\t\t\t\t<\/div>\n\t\t\t\t<\/div>\n\t\t\t\t<\/div>\n\t\t<div class=\"elementor-element elementor-element-fa48ed6 e-con-full e-flex e-con e-child\" data-id=\"fa48ed6\" data-element_type=\"container\" data-e-type=\"container\">\n\t\t\t\t<div class=\"elementor-element elementor-element-acee47c elementor-widget elementor-widget-spacer\" data-id=\"acee47c\" data-element_type=\"widget\" data-e-type=\"widget\" data-widget_type=\"spacer.default\">\n\t\t\t\t<div class=\"elementor-widget-container\">\n\t\t\t\t\t\t\t<div class=\"elementor-spacer\">\n\t\t\t<div class=\"elementor-spacer-inner\"><\/div>\n\t\t<\/div>\n\t\t\t\t\t\t<\/div>\n\t\t\t\t<\/div>\n\t\t\t\t<div class=\"elementor-element elementor-element-e73055b elementor-widget__width-initial elementor-widget-mobile__width-inherit elementor-widget elementor-widget-text-editor\" data-id=\"e73055b\" data-element_type=\"widget\" data-e-type=\"widget\" data-widget_type=\"text-editor.default\">\n\t\t\t\t<div class=\"elementor-widget-container\">\n\t\t\t\t\t\t\t\t\t<p><span style=\"font-weight: 400;\">A PlaceMUS XR projekt az Eur\u00f3pai Uni\u00f3 t\u00e1mogat\u00e1s\u00e1val val\u00f3sul meg (t\u00e1mogat\u00e1si szerz\u0151d\u00e9s sz\u00e1ma: 101233325). A weboldalon megjelen\u0151 v\u00e9lem\u00e9nyek \u00e9s \u00e1ll\u00e1spontok kiz\u00e1r\u00f3lag a szerz\u0151k felel\u0151ss\u00e9g\u00e9t t\u00fckr\u00f6zik, \u00e9s nem felt\u00e9tlen\u00fcl egyeznek meg az Eur\u00f3pai Bizotts\u00e1g n\u00e9zeteivel.<\/span><\/p>\t\t\t\t\t\t\t\t<\/div>\n\t\t\t\t<\/div>\n\t\t\t\t<\/div>\n\t\t\t\t\t<\/div>\n\t\t\t\t<\/div>\n\t\t<div class=\"elementor-element elementor-element-3e9dd58 e-flex e-con-boxed e-con e-parent\" data-id=\"3e9dd58\" data-element_type=\"container\" data-e-type=\"container\">\n\t\t\t\t\t<div class=\"e-con-inner\">\n\t\t\t\t<div class=\"elementor-element elementor-element-1ab46f1 elementor-widget elementor-widget-heading\" data-id=\"1ab46f1\" data-element_type=\"widget\" data-e-type=\"widget\" data-widget_type=\"heading.default\">\n\t\t\t\t<div class=\"elementor-widget-container\">\n\t\t\t\t\t<h2 class=\"elementor-heading-title elementor-size-default\">TUDJ MEG T\u00d6BBET<\/h2>\t\t\t\t<\/div>\n\t\t\t\t<\/div>\n\t\t<div class=\"elementor-element elementor-element-3dbbf7b e-con-full e-flex e-con e-child\" data-id=\"3dbbf7b\" data-element_type=\"container\" data-e-type=\"container\">\n\t\t\t\t<div class=\"elementor-element elementor-element-5a80b4a elementor-align-left elementor-mobile-align-center elementor-widget elementor-widget-button\" data-id=\"5a80b4a\" data-element_type=\"widget\" data-e-type=\"widget\" data-widget_type=\"button.default\">\n\t\t\t\t<div class=\"elementor-widget-container\">\n\t\t\t\t\t\t\t\t\t<div class=\"elementor-button-wrapper\">\n\t\t\t\t\t<a class=\"elementor-button elementor-button-link elementor-size-sm\" href=\"http:\/\/placemus-xr-eccch.eu\">\n\t\t\t\t\t\t<span class=\"elementor-button-content-wrapper\">\n\t\t\t\t\t\t<span class=\"elementor-button-icon\">\n\t\t\t\t<svg aria-hidden=\"true\" class=\"e-font-icon-svg e-fas-globe\" viewBox=\"0 0 496 512\" xmlns=\"http:\/\/www.w3.org\/2000\/svg\"><path d=\"M336.5 160C322 70.7 287.8 8 248 8s-74 62.7-88.5 152h177zM152 256c0 22.2 1.2 43.5 3.3 64h185.3c2.1-20.5 3.3-41.8 3.3-64s-1.2-43.5-3.3-64H155.3c-2.1 20.5-3.3 41.8-3.3 64zm324.7-96c-28.6-67.9-86.5-120.4-158-141.6 24.4 33.8 41.2 84.7 50 141.6h108zM177.2 18.4C105.8 39.6 47.8 92.1 19.3 160h108c8.7-56.9 25.5-107.8 49.9-141.6zM487.4 192H372.7c2.1 21 3.3 42.5 3.3 64s-1.2 43-3.3 64h114.6c5.5-20.5 8.6-41.8 8.6-64s-3.1-43.5-8.5-64zM120 256c0-21.5 1.2-43 3.3-64H8.6C3.2 212.5 0 233.8 0 256s3.2 43.5 8.6 64h114.6c-2-21-3.2-42.5-3.2-64zm39.5 96c14.5 89.3 48.7 152 88.5 152s74-62.7 88.5-152h-177zm159.3 141.6c71.4-21.2 129.4-73.7 158-141.6h-108c-8.8 56.9-25.6 107.8-50 141.6zM19.3 352c28.6 67.9 86.5 120.4 158 141.6-24.4-33.8-41.2-84.7-50-141.6h-108z\"><\/path><\/svg>\t\t\t<\/span>\n\t\t\t\t\t\t\t\t\t<span class=\"elementor-button-text\">WEBOLDAL<\/span>\n\t\t\t\t\t<\/span>\n\t\t\t\t\t<\/a>\n\t\t\t\t<\/div>\n\t\t\t\t\t\t\t\t<\/div>\n\t\t\t\t<\/div>\n\t\t\t\t<div class=\"elementor-element elementor-element-4f32e1a elementor-align-left elementor-mobile-align-center elementor-widget elementor-widget-button\" data-id=\"4f32e1a\" data-element_type=\"widget\" data-e-type=\"widget\" data-widget_type=\"button.default\">\n\t\t\t\t<div class=\"elementor-widget-container\">\n\t\t\t\t\t\t\t\t\t<div class=\"elementor-button-wrapper\">\n\t\t\t\t\t<a class=\"elementor-button elementor-button-link elementor-size-sm\" href=\"https:\/\/www.facebook.com\/placemusxr\">\n\t\t\t\t\t\t<span class=\"elementor-button-content-wrapper\">\n\t\t\t\t\t\t<span class=\"elementor-button-icon\">\n\t\t\t\t<svg aria-hidden=\"true\" class=\"e-font-icon-svg e-fab-facebook\" viewBox=\"0 0 512 512\" xmlns=\"http:\/\/www.w3.org\/2000\/svg\"><path d=\"M504 256C504 119 393 8 256 8S8 119 8 256c0 123.78 90.69 226.38 209.25 245V327.69h-63V256h63v-54.64c0-62.15 37-96.48 93.67-96.48 27.14 0 55.52 4.84 55.52 4.84v61h-31.28c-30.8 0-40.41 19.12-40.41 38.73V256h68.78l-11 71.69h-57.78V501C413.31 482.38 504 379.78 504 256z\"><\/path><\/svg>\t\t\t<\/span>\n\t\t\t\t\t\t\t\t\t<span class=\"elementor-button-text\">FACEBOOK<\/span>\n\t\t\t\t\t<\/span>\n\t\t\t\t\t<\/a>\n\t\t\t\t<\/div>\n\t\t\t\t\t\t\t\t<\/div>\n\t\t\t\t<\/div>\n\t\t\t\t<div class=\"elementor-element elementor-element-d993e56 elementor-align-left elementor-mobile-align-center elementor-widget elementor-widget-button\" data-id=\"d993e56\" data-element_type=\"widget\" data-e-type=\"widget\" data-widget_type=\"button.default\">\n\t\t\t\t<div class=\"elementor-widget-container\">\n\t\t\t\t\t\t\t\t\t<div class=\"elementor-button-wrapper\">\n\t\t\t\t\t<a class=\"elementor-button elementor-button-link elementor-size-sm\" href=\"https:\/\/www.instagram.com\/placemusxr\/\">\n\t\t\t\t\t\t<span class=\"elementor-button-content-wrapper\">\n\t\t\t\t\t\t<span class=\"elementor-button-icon\">\n\t\t\t\t<svg aria-hidden=\"true\" class=\"e-font-icon-svg e-fab-instagram\" viewBox=\"0 0 448 512\" xmlns=\"http:\/\/www.w3.org\/2000\/svg\"><path d=\"M224.1 141c-63.6 0-114.9 51.3-114.9 114.9s51.3 114.9 114.9 114.9S339 319.5 339 255.9 287.7 141 224.1 141zm0 189.6c-41.1 0-74.7-33.5-74.7-74.7s33.5-74.7 74.7-74.7 74.7 33.5 74.7 74.7-33.6 74.7-74.7 74.7zm146.4-194.3c0 14.9-12 26.8-26.8 26.8-14.9 0-26.8-12-26.8-26.8s12-26.8 26.8-26.8 26.8 12 26.8 26.8zm76.1 27.2c-1.7-35.9-9.9-67.7-36.2-93.9-26.2-26.2-58-34.4-93.9-36.2-37-2.1-147.9-2.1-184.9 0-35.8 1.7-67.6 9.9-93.9 36.1s-34.4 58-36.2 93.9c-2.1 37-2.1 147.9 0 184.9 1.7 35.9 9.9 67.7 36.2 93.9s58 34.4 93.9 36.2c37 2.1 147.9 2.1 184.9 0 35.9-1.7 67.7-9.9 93.9-36.2 26.2-26.2 34.4-58 36.2-93.9 2.1-37 2.1-147.8 0-184.8zM398.8 388c-7.8 19.6-22.9 34.7-42.6 42.6-29.5 11.7-99.5 9-132.1 9s-102.7 2.6-132.1-9c-19.6-7.8-34.7-22.9-42.6-42.6-11.7-29.5-9-99.5-9-132.1s-2.6-102.7 9-132.1c7.8-19.6 22.9-34.7 42.6-42.6 29.5-11.7 99.5-9 132.1-9s102.7-2.6 132.1 9c19.6 7.8 34.7 22.9 42.6 42.6 11.7 29.5 9 99.5 9 132.1s2.7 102.7-9 132.1z\"><\/path><\/svg>\t\t\t<\/span>\n\t\t\t\t\t\t\t\t\t<span class=\"elementor-button-text\">INSTAGRAM<\/span>\n\t\t\t\t\t<\/span>\n\t\t\t\t\t<\/a>\n\t\t\t\t<\/div>\n\t\t\t\t\t\t\t\t<\/div>\n\t\t\t\t<\/div>\n\t\t\t\t<\/div>\n\t\t\t\t<div class=\"elementor-element elementor-element-296fb98 elementor-widget elementor-widget-spacer\" data-id=\"296fb98\" data-element_type=\"widget\" data-e-type=\"widget\" data-widget_type=\"spacer.default\">\n\t\t\t\t<div class=\"elementor-widget-container\">\n\t\t\t\t\t\t\t<div class=\"elementor-spacer\">\n\t\t\t<div class=\"elementor-spacer-inner\"><\/div>\n\t\t<\/div>\n\t\t\t\t\t\t<\/div>\n\t\t\t\t<\/div>\n\t\t\t\t<div class=\"elementor-element elementor-element-cb912c9 elementor-widget elementor-widget-image\" data-id=\"cb912c9\" data-element_type=\"widget\" data-e-type=\"widget\" data-widget_type=\"image.default\">\n\t\t\t\t<div class=\"elementor-widget-container\">\n\t\t\t\t\t\t\t\t\t\t\t\t\t\t\t<img decoding=\"async\" width=\"800\" height=\"168\" src=\"https:\/\/www.hangveto.hu\/wp-content\/uploads\/2024\/09\/part-funded-by-eu.jpg\" class=\"attachment-large size-large wp-image-341\" alt=\"\" srcset=\"https:\/\/www.hangveto.hu\/wp-content\/uploads\/2024\/09\/part-funded-by-eu.jpg 1024w, https:\/\/www.hangveto.hu\/wp-content\/uploads\/2024\/09\/part-funded-by-eu-300x63.jpg 300w, https:\/\/www.hangveto.hu\/wp-content\/uploads\/2024\/09\/part-funded-by-eu-768x161.jpg 768w\" sizes=\"(max-width: 800px) 100vw, 800px\" loading=\"eager\" \/>\t\t\t\t\t\t\t\t\t\t\t\t\t\t\t<\/div>\n\t\t\t\t<\/div>\n\t\t\t\t\t<\/div>\n\t\t\t\t<\/div>\n\t\t\t\t<\/div>\n\t\t","protected":false},"excerpt":{"rendered":"<p>Zenei helysz\u00ednekdigit\u00e1lis felfedez\u00e9se Eur\u00f3p\u00e1ban \u00e9s a kiterjesztett val\u00f3s\u00e1gban 01 MI A PLACEMUS XR? Music is not only the art of time.It is also the art of space. Egyik leg\u00fajabb projekt\u00fcnk a PlaceMUS XR, melynek c\u00e9lja, hogy innovat\u00edv technol\u00f3giai \u00faj\u00edt\u00e1sokkal j\u00e1ruljon hozz\u00e1 az eur\u00f3pai zenei \u00f6r\u00f6ks\u00e9g meg\u0151rz\u00e9s\u00e9hez. Olyan interakt\u00edv, 3D-s, bej\u00e1rhat\u00f3 terek megalkot\u00e1s\u00e1n dolgozunk, melyek nemcsak [&hellip;]<\/p>\n","protected":false},"author":1,"featured_media":0,"parent":0,"menu_order":0,"comment_status":"closed","ping_status":"closed","template":"","meta":{"footnotes":""},"class_list":["post-4304","page","type-page","status-publish","hentry"],"_links":{"self":[{"href":"https:\/\/www.hangveto.hu\/hu\/wp-json\/wp\/v2\/pages\/4304","targetHints":{"allow":["GET"]}}],"collection":[{"href":"https:\/\/www.hangveto.hu\/hu\/wp-json\/wp\/v2\/pages"}],"about":[{"href":"https:\/\/www.hangveto.hu\/hu\/wp-json\/wp\/v2\/types\/page"}],"author":[{"embeddable":true,"href":"https:\/\/www.hangveto.hu\/hu\/wp-json\/wp\/v2\/users\/1"}],"replies":[{"embeddable":true,"href":"https:\/\/www.hangveto.hu\/hu\/wp-json\/wp\/v2\/comments?post=4304"}],"version-history":[{"count":7,"href":"https:\/\/www.hangveto.hu\/hu\/wp-json\/wp\/v2\/pages\/4304\/revisions"}],"predecessor-version":[{"id":4361,"href":"https:\/\/www.hangveto.hu\/hu\/wp-json\/wp\/v2\/pages\/4304\/revisions\/4361"}],"wp:attachment":[{"href":"https:\/\/www.hangveto.hu\/hu\/wp-json\/wp\/v2\/media?parent=4304"}],"curies":[{"name":"wp","href":"https:\/\/api.w.org\/{rel}","templated":true}]}}