{"id":430,"date":"2024-09-23T16:34:17","date_gmt":"2024-09-23T14:34:17","guid":{"rendered":"https:\/\/hangveto.hu\/filmek\/"},"modified":"2025-07-23T16:12:51","modified_gmt":"2025-07-23T14:12:51","slug":"filmek","status":"publish","type":"page","link":"https:\/\/www.hangveto.hu\/hu\/filmek\/","title":{"rendered":"Filmek"},"content":{"rendered":"\t\t<div data-elementor-type=\"wp-page\" data-elementor-id=\"430\" class=\"elementor elementor-430 elementor-20\" data-elementor-post-type=\"page\">\n\t\t\t\t<div class=\"elementor-element elementor-element-28e0801 e-flex e-con-boxed e-con e-parent\" data-id=\"28e0801\" data-element_type=\"container\" data-e-type=\"container\">\n\t\t\t\t\t<div class=\"e-con-inner\">\n\t\t<div class=\"elementor-element elementor-element-25098ac e-con-full e-flex e-con e-child\" data-id=\"25098ac\" data-element_type=\"container\" data-e-type=\"container\">\n\t\t\t\t<div class=\"elementor-element elementor-element-164b543 elementor-widget__width-auto elementor-widget-mobile__width-initial animated-fast elementor-invisible elementor-widget elementor-widget-heading\" data-id=\"164b543\" data-element_type=\"widget\" data-e-type=\"widget\" data-settings=\"{&quot;_animation&quot;:&quot;fadeIn&quot;}\" data-widget_type=\"heading.default\">\n\t\t\t\t<div class=\"elementor-widget-container\">\n\t\t\t\t\t<h6 class=\"elementor-heading-title elementor-size-default\">SAJ\u00c1T GY\u00c1RT\u00c1S\u00da FILMEK<\/h6>\t\t\t\t<\/div>\n\t\t\t\t<\/div>\n\t\t\t\t<div class=\"elementor-element elementor-element-e4eb39a elementor-invisible elementor-widget elementor-widget-heading\" data-id=\"e4eb39a\" data-element_type=\"widget\" data-e-type=\"widget\" data-settings=\"{&quot;_animation&quot;:&quot;fadeIn&quot;,&quot;_animation_delay&quot;:125}\" data-widget_type=\"heading.default\">\n\t\t\t\t<div class=\"elementor-widget-container\">\n\t\t\t\t\t<h1 class=\"elementor-heading-title elementor-size-default\">Filmek<\/h1>\t\t\t\t<\/div>\n\t\t\t\t<\/div>\n\t\t\t\t<div class=\"elementor-element elementor-element-41e8e96 elementor-invisible elementor-widget elementor-widget-text-editor\" data-id=\"41e8e96\" data-element_type=\"widget\" data-e-type=\"widget\" data-settings=\"{&quot;_animation_delay&quot;:250,&quot;_animation&quot;:&quot;fadeIn&quot;}\" data-widget_type=\"text-editor.default\">\n\t\t\t\t<div class=\"elementor-widget-container\">\n\t\t\t\t\t\t\t\t\t<p>Ahol k\u00e9p \u00e9s hang egybe\u00e9r, a k\u00e9pkock\u00e1k k\u00f6vetik a ritmust, a m\u0171v\u00e9szek szabad utat kapnak \u00e9s \u00e9l\u0151 hagyom\u00e1nyok csend\u00fclnek fel; ott kezd\u0151dnek a Hangvet\u0151 filmek. Saj\u00e1t gy\u00e1rt\u00e1sban olyan filmeket k\u00e9sz\u00edt\u00fcnk, amik a zen\u00e9hez kapcsol\u00f3dnak, \u00e9rt\u00e9ket k\u00f6zvet\u00edtenek, \u00e9s senki m\u00e1snak nem jutottak volna esz\u00e9be. \u00cdgy sz\u00fcletett egy \u00fatifilm-k\u00f6nt\u00f6sbe b\u00fajt doku-sorozat K\u00f6z\u00e9p-Eur\u00f3pa \u00e9l\u0151 \u00f6r\u00f6ks\u00e9g\u00e9r\u0151l, angol nyelv\u0171 kalauz a t\u00e1nch\u00e1z mozgalom m\u00faltj\u00e1hoz \u00e9s jelen\u00e9hez, koncertfilmek \u00e9s a teljesen egyedi Ritmo filmek. <\/p>\t\t\t\t\t\t\t\t<\/div>\n\t\t\t\t<\/div>\n\t\t\t\t<\/div>\n\t\t\t\t\t<\/div>\n\t\t\t\t<\/div>\n\t\t<div class=\"elementor-element elementor-element-4a38106 e-flex e-con-boxed elementor-invisible e-con e-parent\" data-id=\"4a38106\" data-element_type=\"container\" data-e-type=\"container\" data-settings=\"{&quot;animation&quot;:&quot;fadeInUp&quot;,&quot;animation_delay&quot;:500}\">\n\t\t\t\t\t<div class=\"e-con-inner\">\n\t\t\t\t<div class=\"elementor-element elementor-element-9100ac9 elementor-cta--skin-cover elementor-cta--valign-bottom elementor-widget__width-initial elementor-widget-tablet__width-inherit elementor-bg-transform elementor-bg-transform-zoom-in elementor-widget elementor-widget-call-to-action\" data-id=\"9100ac9\" data-element_type=\"widget\" data-e-type=\"widget\" data-widget_type=\"call-to-action.default\">\n\t\t\t\t<div class=\"elementor-widget-container\">\n\t\t\t\t\t\t\t<a class=\"elementor-cta\" href=\"https:\/\/hangveto.hu\/hu\/filmek\/repulj-madar-repulj-a-magyar-tanchazmozgalom\/\">\n\t\t\t\t\t<div class=\"elementor-cta__bg-wrapper\">\n\t\t\t\t<div class=\"elementor-cta__bg elementor-bg\" style=\"background-image: url(https:\/\/www.hangveto.hu\/wp-content\/uploads\/2024\/10\/oldschool-1024x576.png);\" role=\"img\" aria-label=\"oldschool\"><\/div>\n\t\t\t\t<div class=\"elementor-cta__bg-overlay\"><\/div>\n\t\t\t<\/div>\n\t\t\t\t\t\t\t<div class=\"elementor-cta__content\">\n\t\t\t\t\n\t\t\t\t\t\t\t\t\t<h2 class=\"elementor-cta__title elementor-cta__content-item elementor-content-item\">\n\t\t\t\t\t\tRep\u00fclj mad\u00e1r, rep\u00fclj... \t\t\t\t\t<\/h2>\n\t\t\t\t\n\t\t\t\t\t\t\t\t\t<div class=\"elementor-cta__description elementor-cta__content-item elementor-content-item\">\n\t\t\t\t\t\t<p>A magyar t\u00e1nch\u00e1zmozgalom<\/p>\n\t\t\t\t\t<\/div>\n\t\t\t\t\n\t\t\t\t\t\t\t\t\t<div class=\"elementor-cta__button-wrapper elementor-cta__content-item elementor-content-item \">\n\t\t\t\t\t<span class=\"elementor-cta__button elementor-button elementor-size-\">\n\t\t\t\t\t\tTudj meg t\u00f6bbet\t\t\t\t\t<\/span>\n\t\t\t\t\t<\/div>\n\t\t\t\t\t\t\t<\/div>\n\t\t\t\t\t\t<\/a>\n\t\t\t\t\t\t<\/div>\n\t\t\t\t<\/div>\n\t\t\t\t<div class=\"elementor-element elementor-element-e2f0e00 elementor-cta--skin-cover elementor-cta--valign-bottom elementor-widget__width-initial elementor-widget-tablet__width-inherit elementor-bg-transform elementor-bg-transform-zoom-in elementor-widget elementor-widget-call-to-action\" data-id=\"e2f0e00\" data-element_type=\"widget\" data-e-type=\"widget\" data-widget_type=\"call-to-action.default\">\n\t\t\t\t<div class=\"elementor-widget-container\">\n\t\t\t\t\t\t\t<a class=\"elementor-cta\" href=\"https:\/\/hangveto.hu\/hu\/filmek\/a-dallamok-akik-vagyunk\/\">\n\t\t\t\t\t<div class=\"elementor-cta__bg-wrapper\">\n\t\t\t\t<div class=\"elementor-cta__bg elementor-bg\" style=\"background-image: url(https:\/\/www.hangveto.hu\/wp-content\/uploads\/2024\/10\/6F13629A-F795-445E-826A-D3F07427A05F-1024x682.webp);\" role=\"img\" aria-label=\"6F13629A-F795-445E-826A-D3F07427A05F\"><\/div>\n\t\t\t\t<div class=\"elementor-cta__bg-overlay\"><\/div>\n\t\t\t<\/div>\n\t\t\t\t\t\t\t<div class=\"elementor-cta__content\">\n\t\t\t\t\n\t\t\t\t\t\t\t\t\t<h2 class=\"elementor-cta__title elementor-cta__content-item elementor-content-item\">\n\t\t\t\t\t\tA dallamok, akik vagyunk\t\t\t\t\t<\/h2>\n\t\t\t\t\n\t\t\t\t\t\t\t\t\t<div class=\"elementor-cta__description elementor-cta__content-item elementor-content-item\">\n\t\t\t\t\t\t<p>Dokumentumfilm-sorozat \u2013 Zenei kalandt\u00fara K\u00f6z\u00e9p-Eur\u00f3p\u00e1ban<\/p>\n\t\t\t\t\t<\/div>\n\t\t\t\t\n\t\t\t\t\t\t\t\t\t<div class=\"elementor-cta__button-wrapper elementor-cta__content-item elementor-content-item \">\n\t\t\t\t\t<span class=\"elementor-cta__button elementor-button elementor-size-\">\n\t\t\t\t\t\tTudj meg t\u00f6bbet\t\t\t\t\t<\/span>\n\t\t\t\t\t<\/div>\n\t\t\t\t\t\t\t<\/div>\n\t\t\t\t\t\t<\/a>\n\t\t\t\t\t\t<\/div>\n\t\t\t\t<\/div>\n\t\t\t\t<div class=\"elementor-element elementor-element-2ec4767 elementor-cta--skin-cover elementor-cta--valign-bottom elementor-widget__width-initial elementor-bg-transform elementor-bg-transform-zoom-in elementor-widget elementor-widget-call-to-action\" data-id=\"2ec4767\" data-element_type=\"widget\" data-e-type=\"widget\" data-widget_type=\"call-to-action.default\">\n\t\t\t\t<div class=\"elementor-widget-container\">\n\t\t\t\t\t\t\t<a class=\"elementor-cta\" href=\"https:\/\/hangveto.hu\/hu\/filmek\/budapest-ritmo-filmek\/\">\n\t\t\t\t\t<div class=\"elementor-cta__bg-wrapper\">\n\t\t\t\t<div class=\"elementor-cta__bg elementor-bg\" style=\"background-image: url(https:\/\/www.hangveto.hu\/wp-content\/uploads\/2024\/10\/Pesthy-Marton-IMG_6618-1024x683.jpg);\" role=\"img\" aria-label=\"Pesthy Ma\u0301rton -IMG_6618\"><\/div>\n\t\t\t\t<div class=\"elementor-cta__bg-overlay\"><\/div>\n\t\t\t<\/div>\n\t\t\t\t\t\t\t<div class=\"elementor-cta__content\">\n\t\t\t\t\n\t\t\t\t\t\t\t\t\t<h2 class=\"elementor-cta__title elementor-cta__content-item elementor-content-item\">\n\t\t\t\t\t\tBudapest Ritmo Filmek\t\t\t\t\t<\/h2>\n\t\t\t\t\n\t\t\t\t\n\t\t\t\t\t\t\t\t\t<div class=\"elementor-cta__button-wrapper elementor-cta__content-item elementor-content-item \">\n\t\t\t\t\t<span class=\"elementor-cta__button elementor-button elementor-size-\">\n\t\t\t\t\t\tTudj meg t\u00f6bbet\t\t\t\t\t<\/span>\n\t\t\t\t\t<\/div>\n\t\t\t\t\t\t\t<\/div>\n\t\t\t\t\t\t<\/a>\n\t\t\t\t\t\t<\/div>\n\t\t\t\t<\/div>\n\t\t\t\t\t<\/div>\n\t\t\t\t<\/div>\n\t\t\t\t<\/div>\n\t\t","protected":false},"excerpt":{"rendered":"<p>SAJ\u00c1T GY\u00c1RT\u00c1S\u00da FILMEK Filmek Ahol k\u00e9p \u00e9s hang egybe\u00e9r, a k\u00e9pkock\u00e1k k\u00f6vetik a ritmust, a m\u0171v\u00e9szek szabad utat kapnak \u00e9s \u00e9l\u0151 hagyom\u00e1nyok csend\u00fclnek fel; ott kezd\u0151dnek a Hangvet\u0151 filmek. Saj\u00e1t gy\u00e1rt\u00e1sban olyan filmeket k\u00e9sz\u00edt\u00fcnk, amik a zen\u00e9hez kapcsol\u00f3dnak, \u00e9rt\u00e9ket k\u00f6zvet\u00edtenek, \u00e9s senki m\u00e1snak nem jutottak volna esz\u00e9be. \u00cdgy sz\u00fcletett egy \u00fatifilm-k\u00f6nt\u00f6sbe b\u00fajt doku-sorozat K\u00f6z\u00e9p-Eur\u00f3pa \u00e9l\u0151 [&hellip;]<\/p>\n","protected":false},"author":1,"featured_media":0,"parent":0,"menu_order":0,"comment_status":"closed","ping_status":"closed","template":"","meta":{"footnotes":""},"class_list":["post-430","page","type-page","status-publish","hentry"],"_links":{"self":[{"href":"https:\/\/www.hangveto.hu\/hu\/wp-json\/wp\/v2\/pages\/430","targetHints":{"allow":["GET"]}}],"collection":[{"href":"https:\/\/www.hangveto.hu\/hu\/wp-json\/wp\/v2\/pages"}],"about":[{"href":"https:\/\/www.hangveto.hu\/hu\/wp-json\/wp\/v2\/types\/page"}],"author":[{"embeddable":true,"href":"https:\/\/www.hangveto.hu\/hu\/wp-json\/wp\/v2\/users\/1"}],"replies":[{"embeddable":true,"href":"https:\/\/www.hangveto.hu\/hu\/wp-json\/wp\/v2\/comments?post=430"}],"version-history":[{"count":8,"href":"https:\/\/www.hangveto.hu\/hu\/wp-json\/wp\/v2\/pages\/430\/revisions"}],"predecessor-version":[{"id":3478,"href":"https:\/\/www.hangveto.hu\/hu\/wp-json\/wp\/v2\/pages\/430\/revisions\/3478"}],"wp:attachment":[{"href":"https:\/\/www.hangveto.hu\/hu\/wp-json\/wp\/v2\/media?parent=430"}],"curies":[{"name":"wp","href":"https:\/\/api.w.org\/{rel}","templated":true}]}}