{"id":1002,"date":"2024-10-03T15:20:08","date_gmt":"2024-10-03T13:20:08","guid":{"rendered":"https:\/\/hangveto.hu\/filmek\/repulj-madar-repulj-a-magyar-tanchazmozgalom\/"},"modified":"2024-10-22T19:45:19","modified_gmt":"2024-10-22T17:45:19","slug":"repulj-madar-repulj-a-magyar-tanchazmozgalom","status":"publish","type":"page","link":"https:\/\/www.hangveto.hu\/hu\/filmek\/repulj-madar-repulj-a-magyar-tanchazmozgalom\/","title":{"rendered":"Rep\u00fclj Mad\u00e1r, Rep\u00fclj&#8230; &#8211; A magyar t\u00e1nch\u00e1zmozgalom"},"content":{"rendered":"\t\t<div data-elementor-type=\"wp-page\" data-elementor-id=\"1002\" class=\"elementor elementor-1002 elementor-760\" data-elementor-post-type=\"page\">\n\t\t\t\t<div class=\"elementor-element elementor-element-eb2c62d e-flex e-con-boxed e-con e-parent\" data-id=\"eb2c62d\" data-element_type=\"container\" data-e-type=\"container\">\n\t\t\t\t\t<div class=\"e-con-inner\">\n\t\t<div class=\"elementor-element elementor-element-f060adc e-con-full e-flex e-con e-child\" data-id=\"f060adc\" data-element_type=\"container\" data-e-type=\"container\">\n\t\t\t\t<div class=\"elementor-element elementor-element-6272def elementor-widget__width-auto elementor-widget-mobile__width-initial elementor-widget elementor-widget-heading\" data-id=\"6272def\" data-element_type=\"widget\" data-e-type=\"widget\" data-widget_type=\"heading.default\">\n\t\t\t\t<div class=\"elementor-widget-container\">\n\t\t\t\t\t<h6 class=\"elementor-heading-title elementor-size-default\"><a href=\"https:\/\/hangveto.hu\/hu\/filmek\/\">FILMJEINK<\/a><\/h6>\t\t\t\t<\/div>\n\t\t\t\t<\/div>\n\t\t\t\t<div class=\"elementor-element elementor-element-6c919bf elementor-widget elementor-widget-heading\" data-id=\"6c919bf\" data-element_type=\"widget\" data-e-type=\"widget\" data-widget_type=\"heading.default\">\n\t\t\t\t<div class=\"elementor-widget-container\">\n\t\t\t\t\t<h1 class=\"elementor-heading-title elementor-size-default\">Rep\u00fclj Mad\u00e1r, Rep\u00fclj...<\/h1>\t\t\t\t<\/div>\n\t\t\t\t<\/div>\n\t\t\t\t<div class=\"elementor-element elementor-element-62ae9e4 elementor-widget elementor-widget-heading\" data-id=\"62ae9e4\" data-element_type=\"widget\" data-e-type=\"widget\" data-widget_type=\"heading.default\">\n\t\t\t\t<div class=\"elementor-widget-container\">\n\t\t\t\t\t<h2 class=\"elementor-heading-title elementor-size-default\">A magyar t\u00e1nch\u00e1zmozgalom<\/h2>\t\t\t\t<\/div>\n\t\t\t\t<\/div>\n\t\t\t\t<div class=\"elementor-element elementor-element-3284bce elementor-widget elementor-widget-text-editor\" data-id=\"3284bce\" data-element_type=\"widget\" data-e-type=\"widget\" data-widget_type=\"text-editor.default\">\n\t\t\t\t<div class=\"elementor-widget-container\">\n\t\t\t\t\t\t\t\t\t<p>&#8217;60:00<\/p>\n<p>Zenei dokumentumfilm <\/p>\n<p>Rendez\u0151: Simon Broughton <\/p>\n\t\t\t\t\t\t\t\t<\/div>\n\t\t\t\t<\/div>\n\t\t\t\t<\/div>\n\t\t\t\t\t<\/div>\n\t\t\t\t<\/div>\n\t\t<div class=\"elementor-element elementor-element-61900e5 e-flex e-con-boxed e-con e-parent\" data-id=\"61900e5\" data-element_type=\"container\" data-e-type=\"container\">\n\t\t\t\t\t<div class=\"e-con-inner\">\n\t\t\t\t<div class=\"elementor-element elementor-element-aeccf92 elementor-widget elementor-widget-heading\" data-id=\"aeccf92\" data-element_type=\"widget\" data-e-type=\"widget\" data-widget_type=\"heading.default\">\n\t\t\t\t<div class=\"elementor-widget-container\">\n\t\t\t\t\t<h2 class=\"elementor-heading-title elementor-size-default\">N\u00c9ZD MEG AZ EL\u0150ZETEST<\/h2>\t\t\t\t<\/div>\n\t\t\t\t<\/div>\n\t\t\t\t<div class=\"elementor-element elementor-element-84e5445 elementor-widget elementor-widget-video\" data-id=\"84e5445\" data-element_type=\"widget\" data-e-type=\"widget\" data-settings=\"{&quot;youtube_url&quot;:&quot;https:\\\/\\\/www.youtube.com\\\/watch?v=uiJnJoxScUM&quot;,&quot;video_type&quot;:&quot;youtube&quot;,&quot;controls&quot;:&quot;yes&quot;}\" data-widget_type=\"video.default\">\n\t\t\t\t<div class=\"elementor-widget-container\">\n\t\t\t\t\t\t\t<div class=\"elementor-wrapper elementor-open-inline\">\n\t\t\t<div class=\"elementor-video\"><\/div>\t\t<\/div>\n\t\t\t\t\t\t<\/div>\n\t\t\t\t<\/div>\n\t\t\t\t\t<\/div>\n\t\t\t\t<\/div>\n\t\t<div class=\"elementor-element elementor-element-5c7811a e-flex e-con-boxed e-con e-parent\" data-id=\"5c7811a\" data-element_type=\"container\" data-e-type=\"container\">\n\t\t\t\t\t<div class=\"e-con-inner\">\n\t\t<div class=\"elementor-element elementor-element-e8cb74b e-con-full e-flex e-con e-child\" data-id=\"e8cb74b\" data-element_type=\"container\" data-e-type=\"container\">\n\t\t\t\t<div class=\"elementor-element elementor-element-ca188e9 elementor-widget elementor-widget-heading\" data-id=\"ca188e9\" data-element_type=\"widget\" data-e-type=\"widget\" data-widget_type=\"heading.default\">\n\t\t\t\t<div class=\"elementor-widget-container\">\n\t\t\t\t\t<h2 class=\"elementor-heading-title elementor-size-default\">A filmr\u0151l<\/h2>\t\t\t\t<\/div>\n\t\t\t\t<\/div>\n\t\t\t\t<div class=\"elementor-element elementor-element-a42dbbe elementor-widget elementor-widget-text-editor\" data-id=\"a42dbbe\" data-element_type=\"widget\" data-e-type=\"widget\" data-widget_type=\"text-editor.default\">\n\t\t\t\t<div class=\"elementor-widget-container\">\n\t\t\t\t\t\t\t\t\t<p>A Rep\u00fclj mad\u00e1r, rep\u00fclj\u2026 dokumentumfilm a brit vil\u00e1gzenei \u00fajs\u00e1g\u00edr\u00f3, Simon Broughton \u00e9s Weyer Bal\u00e1zs rendez\u00e9s\u00e9ben az 1970-es \u00e9vekben vir\u00e1gz\u00f3 magyar t\u00e1nch\u00e1zmozgalom igaz t\u00f6rt\u00e9net\u00e9t mes\u00e9li el. A sokak \u00e9let\u00e9t meg\u00e9rint\u0151 t\u00e1nch\u00e1zmozgalom kezdeteit, legfontosabb zen\u00e9szeit, t\u00e1ncosait, helysz\u00edneit j\u00e1rj\u00e1k k\u00f6rbe, \u00edgy els\u0151 k\u00e9zb\u0151l ismerhetj\u00fck meg az UNESCO \u00e1ltal is jegyzett hagyom\u00e1ny\u0151rz\u0151 \u00e9s -\u00e1pol\u00f3 mozgalom t\u00f6rt\u00e9net\u00e9t, \u00e9s hat\u00e1s\u00e1t a rendszerv\u00e1lt\u00e1s el\u0151tti politik\u00e1ra.    <\/p>\n\t\t\t\t\t\t\t\t<\/div>\n\t\t\t\t<\/div>\n\t\t\t\t<\/div>\n\t\t\t\t\t<\/div>\n\t\t\t\t<\/div>\n\t\t\t\t<\/div>\n\t\t","protected":false},"excerpt":{"rendered":"<p>FILMJEINK Rep\u00fclj Mad\u00e1r, Rep\u00fclj&#8230; A magyar t\u00e1nch\u00e1zmozgalom &#8217;60:00 Zenei dokumentumfilm Rendez\u0151: Simon Broughton N\u00c9ZD MEG AZ EL\u0150ZETEST A filmr\u0151l A Rep\u00fclj mad\u00e1r, rep\u00fclj\u2026 dokumentumfilm a brit vil\u00e1gzenei \u00fajs\u00e1g\u00edr\u00f3, Simon Broughton \u00e9s Weyer Bal\u00e1zs rendez\u00e9s\u00e9ben az 1970-es \u00e9vekben vir\u00e1gz\u00f3 magyar t\u00e1nch\u00e1zmozgalom igaz t\u00f6rt\u00e9net\u00e9t mes\u00e9li el. A sokak \u00e9let\u00e9t meg\u00e9rint\u0151 t\u00e1nch\u00e1zmozgalom kezdeteit, legfontosabb zen\u00e9szeit, t\u00e1ncosait, helysz\u00edneit j\u00e1rj\u00e1k [&hellip;]<\/p>\n","protected":false},"author":1,"featured_media":0,"parent":430,"menu_order":0,"comment_status":"closed","ping_status":"closed","template":"","meta":{"footnotes":""},"class_list":["post-1002","page","type-page","status-publish","hentry"],"_links":{"self":[{"href":"https:\/\/www.hangveto.hu\/hu\/wp-json\/wp\/v2\/pages\/1002","targetHints":{"allow":["GET"]}}],"collection":[{"href":"https:\/\/www.hangveto.hu\/hu\/wp-json\/wp\/v2\/pages"}],"about":[{"href":"https:\/\/www.hangveto.hu\/hu\/wp-json\/wp\/v2\/types\/page"}],"author":[{"embeddable":true,"href":"https:\/\/www.hangveto.hu\/hu\/wp-json\/wp\/v2\/users\/1"}],"replies":[{"embeddable":true,"href":"https:\/\/www.hangveto.hu\/hu\/wp-json\/wp\/v2\/comments?post=1002"}],"version-history":[{"count":5,"href":"https:\/\/www.hangveto.hu\/hu\/wp-json\/wp\/v2\/pages\/1002\/revisions"}],"predecessor-version":[{"id":1875,"href":"https:\/\/www.hangveto.hu\/hu\/wp-json\/wp\/v2\/pages\/1002\/revisions\/1875"}],"up":[{"embeddable":true,"href":"https:\/\/www.hangveto.hu\/hu\/wp-json\/wp\/v2\/pages\/430"}],"wp:attachment":[{"href":"https:\/\/www.hangveto.hu\/hu\/wp-json\/wp\/v2\/media?parent=1002"}],"curies":[{"name":"wp","href":"https:\/\/api.w.org\/{rel}","templated":true}]}}